{"id":626,"date":"2017-02-02T14:26:58","date_gmt":"2017-02-02T14:26:58","guid":{"rendered":"http:\/\/test.kriesi.at\/enfold-2017\/?page_id=626"},"modified":"2024-08-30T15:02:30","modified_gmt":"2024-08-30T15:02:30","slug":"team","status":"publish","type":"page","link":"https:\/\/rhonemploi.ch\/index.php\/team\/","title":{"rendered":"Notre \u00e9quipe"},"content":{"rendered":"<section  class='av_textblock_section av-kbryxx2a-b218ff8446d34c84649d64e87a08083f '   itemscope=\"itemscope\" itemtype=\"https:\/\/schema.org\/CreativeWork\" ><div class='avia_textblock'  itemprop=\"text\" ><h2>Notre \u00e9quipe<\/h2>\n<\/div><\/section>\n\n<style type=\"text\/css\" data-created_by=\"avia_inline_auto\" id=\"style-css-av-338jb1t-3003c2c921660714a7225079755285a9\">\n#top .hr.av-338jb1t-3003c2c921660714a7225079755285a9{\nmargin-top:10px;\nmargin-bottom:20px;\n}\n.hr.av-338jb1t-3003c2c921660714a7225079755285a9 .hr-inner{\nwidth:300px;\nborder-color:#0495df;\n}\n<\/style>\n<div  class='hr av-338jb1t-3003c2c921660714a7225079755285a9 hr-custom  avia-builder-el-1  el_after_av_textblock  el_before_av_one_half  hr-left hr-icon-no'><span class='hr-inner inner-border-av-border-fat'><span class=\"hr-inner-style\"><\/span><\/span><\/div>\n\n<style type=\"text\/css\" data-created_by=\"avia_inline_auto\" id=\"style-css-av-2noxe-c3eceb91bacbbc29f38bfd7ac49a1ab7\">\n.flex_column.av-2noxe-c3eceb91bacbbc29f38bfd7ac49a1ab7{\nborder-radius:0px 0px 0px 0px;\npadding:0px 0px 0px 0px;\n}\n<\/style>\n<div  class='flex_column av-2noxe-c3eceb91bacbbc29f38bfd7ac49a1ab7 av_one_half  avia-builder-el-2  el_after_av_hr  el_before_av_one_half  first flex_column_div av-zero-column-padding  '     ><style type=\"text\/css\" data-created_by=\"avia_inline_auto\" id=\"style-css-av-kbrn6d3r-a3478a8cc7571972774d77ffca4a19c9\">\n.avia-image-container.av-kbrn6d3r-a3478a8cc7571972774d77ffca4a19c9 img.avia_image{\nbox-shadow:none;\n}\n.avia-image-container.av-kbrn6d3r-a3478a8cc7571972774d77ffca4a19c9 .av-image-caption-overlay-center{\ncolor:#ffffff;\n}\n<\/style>\n<div  class='avia-image-container av-kbrn6d3r-a3478a8cc7571972774d77ffca4a19c9 av-styling- avia-align-right  avia-builder-el-3  avia-builder-el-no-sibling  width200px'   itemprop=\"image\" itemscope=\"itemscope\" itemtype=\"https:\/\/schema.org\/ImageObject\" ><div class=\"avia-image-container-inner\"><div class=\"avia-image-overlay-wrap\"><img decoding=\"async\" fetchpriority=\"high\" class='wp-image-3211 avia-img-lazy-loading-not-3211 avia_image ' src=\"https:\/\/rhonemploi.ch\/wp-content\/uploads\/2020\/06\/henri_p141f-300x200.jpg\" alt='' title='henri_p141f'  height=\"200\" width=\"300\"  itemprop=\"thumbnailUrl\" srcset=\"https:\/\/rhonemploi.ch\/wp-content\/uploads\/2020\/06\/henri_p141f-300x200.jpg 300w, https:\/\/rhonemploi.ch\/wp-content\/uploads\/2020\/06\/henri_p141f.jpg 640w\" sizes=\"(max-width: 300px) 100vw, 300px\" \/><\/div><\/div><\/div><\/div>\n\n<style type=\"text\/css\" data-created_by=\"avia_inline_auto\" id=\"style-css-av-kbrmprxa-506aba6ac63757701473457c0aba91b8\">\n.flex_column.av-kbrmprxa-506aba6ac63757701473457c0aba91b8{\nborder-radius:0px 0px 0px 0px;\npadding:0px 0px 0px 0px;\n}\n<\/style>\n<div  class='flex_column av-kbrmprxa-506aba6ac63757701473457c0aba91b8 av_one_half  avia-builder-el-4  el_after_av_one_half  el_before_av_one_half  flex_column_div av-zero-column-padding  '     ><section  class='avia-team-member av-kbrmbf2w-820ef78bed88e4a2b411d089e95b9c0f  avia-builder-el-5  avia-builder-el-no-sibling '  itemscope=\"itemscope\" itemtype=\"https:\/\/schema.org\/Person\" ><h3 class='team-member-name '  itemprop=\"name\" >Henri-Pierre Sch\u00fctz<\/h3><div class='team-member-job-title '  itemprop=\"jobTitle\" >ASSOCI\u00c9 G\u00c9RANT<\/div><div class='team-member-description '  itemprop=\"description\" ><p>Conseiller en Personnel<br \/>\nFormation commerciale sup\u00e9rieure<br \/>\nExp\u00e9rience travail temporaire depuis 1987<\/p>\n<p>montheyhp@rhonemploi.ch<\/p>\n<\/div><span class='hidden team-member-affiliation'  itemprop=\"affiliation\" >Rh\u00f4nemploi<\/span><\/section><\/div>\n\n<style type=\"text\/css\" data-created_by=\"avia_inline_auto\" id=\"style-css-av-ki15m-fa3e418994033f2c949af0c042f1a215\">\n.flex_column.av-ki15m-fa3e418994033f2c949af0c042f1a215{\nborder-radius:0px 0px 0px 0px;\npadding:0px 0px 0px 0px;\n}\n<\/style>\n<div  class='flex_column av-ki15m-fa3e418994033f2c949af0c042f1a215 av_one_half  avia-builder-el-6  el_after_av_one_half  el_before_av_one_half  first flex_column_div av-zero-column-padding  column-top-margin'     ><\/div>\n\n<style type=\"text\/css\" data-created_by=\"avia_inline_auto\" id=\"style-css-av-dv7xm-36aecdff574ad39097fa57f6ab11eb70\">\n.flex_column.av-dv7xm-36aecdff574ad39097fa57f6ab11eb70{\nborder-radius:0px 0px 0px 0px;\npadding:0px 0px 0px 0px;\n}\n<\/style>\n<div  class='flex_column av-dv7xm-36aecdff574ad39097fa57f6ab11eb70 av_one_half  avia-builder-el-7  el_after_av_one_half  el_before_av_one_half  flex_column_div av-zero-column-padding  column-top-margin'     ><section  class='avia-team-member av-kbrmm2zq-8fdb5b60bdcefece404dbc26f2ffa7e2  avia-builder-el-8  avia-builder-el-no-sibling '  itemscope=\"itemscope\" itemtype=\"https:\/\/schema.org\/Person\" ><h3 class='team-member-name '  itemprop=\"name\" >Nicole Dayen Sch\u00fctz<\/h3><div class='team-member-job-title '  itemprop=\"jobTitle\" >  \tCONSEILL\u00c8RE EN PERSONNEL & DIRECTRICE COMMERCIALE<\/div><span class='hidden team-member-affiliation'  itemprop=\"affiliation\" >Rh\u00f4nemploi<\/span><\/section><\/div>\n\n<style type=\"text\/css\" data-created_by=\"avia_inline_auto\" id=\"style-css-av-8n20i-26cc6ca3108d68030ca041f58d1000dc\">\n.flex_column.av-8n20i-26cc6ca3108d68030ca041f58d1000dc{\nborder-radius:0px 0px 0px 0px;\npadding:0px 0px 0px 0px;\n}\n<\/style>\n<div  class='flex_column av-8n20i-26cc6ca3108d68030ca041f58d1000dc av_one_half  avia-builder-el-9  el_after_av_one_half  el_before_av_one_half  first flex_column_div av-zero-column-padding  column-top-margin'     ><\/div>\n\n<style type=\"text\/css\" data-created_by=\"avia_inline_auto\" id=\"style-css-av-8n20i-47489b72a85a7c8b11836b9290c517fe\">\n.flex_column.av-8n20i-47489b72a85a7c8b11836b9290c517fe{\nborder-radius:0px 0px 0px 0px;\npadding:0px 0px 0px 0px;\n}\n<\/style>\n<div  class='flex_column av-8n20i-47489b72a85a7c8b11836b9290c517fe av_one_half  avia-builder-el-10  el_after_av_one_half  el_before_av_one_half  flex_column_div av-zero-column-padding  column-top-margin'     ><section  class='avia-team-member av-kbrmn9r2-2bd1190af4a1af62f583c0a25cec9f44  avia-builder-el-11  avia-builder-el-no-sibling '  itemscope=\"itemscope\" itemtype=\"https:\/\/schema.org\/Person\" ><h3 class='team-member-name '  itemprop=\"name\" >Andr\u00e9a Cath\u00e9laz-Dubosson<\/h3><div class='team-member-job-title '  itemprop=\"jobTitle\" >RESPONSABLE ADMINISTRATIVE<\/div><div class='team-member-description '  itemprop=\"description\" ><p>Maturit\u00e9 Commerciale int\u00e9gr\u00e9e<br \/>\nInformaticienne de gestion ES<br \/>\nFormation sup\u00e9rieure en comptabilit\u00e9 de gestion Virgile formation<\/p>\n<p>montheyad@rhonemploi.ch<\/p>\n<\/div><span class='hidden team-member-affiliation'  itemprop=\"affiliation\" >Rh\u00f4nemploi<\/span><\/section><\/div>\n\n<style type=\"text\/css\" data-created_by=\"avia_inline_auto\" id=\"style-css-av-aj8hm-3088a13b936fd639c448dae6bf707011\">\n.flex_column.av-aj8hm-3088a13b936fd639c448dae6bf707011{\nborder-radius:0px 0px 0px 0px;\npadding:0px 0px 0px 0px;\n}\n<\/style>\n<div  class='flex_column av-aj8hm-3088a13b936fd639c448dae6bf707011 av_one_half  avia-builder-el-12  el_after_av_one_half  el_before_av_one_half  first flex_column_div av-zero-column-padding  column-top-margin'     ><\/div>\n\n<style type=\"text\/css\" data-created_by=\"avia_inline_auto\" id=\"style-css-av-aj8hm-ef8bfea5bf8dc14796d66c9d58016f69\">\n.flex_column.av-aj8hm-ef8bfea5bf8dc14796d66c9d58016f69{\nborder-radius:0px 0px 0px 0px;\npadding:0px 0px 0px 0px;\n}\n<\/style>\n<div  class='flex_column av-aj8hm-ef8bfea5bf8dc14796d66c9d58016f69 av_one_half  avia-builder-el-13  el_after_av_one_half  avia-builder-el-last  flex_column_div av-zero-column-padding  column-top-margin'     ><section  class='avia-team-member av-kbrmn9r2-3530dc986a5ae3d1a55ba507449aafc1  avia-builder-el-14  avia-builder-el-no-sibling '  itemscope=\"itemscope\" itemtype=\"https:\/\/schema.org\/Person\" ><h3 class='team-member-name '  itemprop=\"name\" >Sonia Merz<\/h3><div class='team-member-job-title '  itemprop=\"jobTitle\" >CONSEILL\u00c8RE EN PERSONNEL<\/div><div class='team-member-description '  itemprop=\"description\" ><p>Dipl\u00f4me F\u00e9d\u00e9ral de Commerce<\/p>\n<p>montheyms@rhonemploi.ch<\/p>\n<\/div><span class='hidden team-member-affiliation'  itemprop=\"affiliation\" >Rh\u00f4nemploi<\/span><\/section><\/div>\n","protected":false},"excerpt":{"rendered":"","protected":false},"author":1,"featured_media":0,"parent":0,"menu_order":0,"comment_status":"closed","ping_status":"closed","template":"","meta":{"footnotes":""},"class_list":["post-626","page","type-page","status-publish","hentry"],"_links":{"self":[{"href":"https:\/\/rhonemploi.ch\/index.php\/wp-json\/wp\/v2\/pages\/626","targetHints":{"allow":["GET"]}}],"collection":[{"href":"https:\/\/rhonemploi.ch\/index.php\/wp-json\/wp\/v2\/pages"}],"about":[{"href":"https:\/\/rhonemploi.ch\/index.php\/wp-json\/wp\/v2\/types\/page"}],"author":[{"embeddable":true,"href":"https:\/\/rhonemploi.ch\/index.php\/wp-json\/wp\/v2\/users\/1"}],"replies":[{"embeddable":true,"href":"https:\/\/rhonemploi.ch\/index.php\/wp-json\/wp\/v2\/comments?post=626"}],"version-history":[{"count":37,"href":"https:\/\/rhonemploi.ch\/index.php\/wp-json\/wp\/v2\/pages\/626\/revisions"}],"predecessor-version":[{"id":4050,"href":"https:\/\/rhonemploi.ch\/index.php\/wp-json\/wp\/v2\/pages\/626\/revisions\/4050"}],"wp:attachment":[{"href":"https:\/\/rhonemploi.ch\/index.php\/wp-json\/wp\/v2\/media?parent=626"}],"curies":[{"name":"wp","href":"https:\/\/api.w.org\/{rel}","templated":true}]}}