{"id":3244,"date":"2020-06-23T08:50:05","date_gmt":"2020-06-23T08:50:05","guid":{"rendered":"https:\/\/dev.rhonemploi.ch\/?page_id=3244"},"modified":"2020-07-03T14:45:43","modified_gmt":"2020-07-03T14:45:43","slug":"benefits","status":"publish","type":"page","link":"https:\/\/rhonemploi.ch\/index.php\/benefits\/","title":{"rendered":"Prestations clients"},"content":{"rendered":"<section  class='av_textblock_section av-kbrotri8-4e808db270bd4b7796c909822312891e '   itemscope=\"itemscope\" itemtype=\"https:\/\/schema.org\/CreativeWork\" ><div class='avia_textblock'  itemprop=\"text\" ><h2 class=\"contentheading\">Prestations clients<\/h2>\n<\/div><\/section>\n\n<style type=\"text\/css\" data-created_by=\"avia_inline_auto\" id=\"style-css-av-338jb1t-3003c2c921660714a7225079755285a9\">\n#top .hr.av-338jb1t-3003c2c921660714a7225079755285a9{\nmargin-top:10px;\nmargin-bottom:20px;\n}\n.hr.av-338jb1t-3003c2c921660714a7225079755285a9 .hr-inner{\nwidth:300px;\nborder-color:#0495df;\n}\n<\/style>\n<div  class='hr av-338jb1t-3003c2c921660714a7225079755285a9 hr-custom  avia-builder-el-1  el_after_av_textblock  el_before_av_textblock  hr-left hr-icon-no'><span class='hr-inner inner-border-av-border-fat'><span class=\"hr-inner-style\"><\/span><\/span><\/div>\n<section  class='av_textblock_section av-kbroxo2z-0e12e672bd4f6767bff1c8de9549a45c '   itemscope=\"itemscope\" itemtype=\"https:\/\/schema.org\/CreativeWork\" ><div class='avia_textblock'  itemprop=\"text\" ><p><strong>Rh\u00f4nemploi S\u00e0rl<\/strong> offre quatre types de prestations :<\/p>\n<\/div><\/section>\n\n<style type=\"text\/css\" data-created_by=\"avia_inline_auto\" id=\"style-css-av-kbroz9j7-1569febfd2a4f57b1f04f8f10708d2e8\">\n#top .avia-icon-list-container.av-kbroz9j7-1569febfd2a4f57b1f04f8f10708d2e8 .iconlist_icon{\nbackground-color:#0495df;\n}\n<\/style>\n<div  class='avia-icon-list-container av-kbroz9j7-1569febfd2a4f57b1f04f8f10708d2e8  avia-builder-el-3  el_after_av_textblock  avia-builder-el-last '><ul class='avia-icon-list avia_animate_when_almost_visible avia-icon-list-left av-iconlist-big av-kbroz9j7-1569febfd2a4f57b1f04f8f10708d2e8 avia-iconlist-animate'>\n<li><div class='iconlist_icon av-6sckvw-72b2f09f1da68c8683f11b9842dc9961 avia-font-entypo-fontello'><span class='iconlist-char' aria-hidden='true' data-av_icon='\ue840' data-av_iconfont='entypo-fontello'><\/span><\/div><article class=\"article-icon-entry \"  itemscope=\"itemscope\" itemtype=\"https:\/\/schema.org\/CreativeWork\" ><div class=\"iconlist_content_wrap\"><header class=\"entry-content-header\"><h4 class='av_iconlist_title iconlist_title  '  itemprop=\"headline\" >Engagement Fixe<\/h4><\/header><div class='iconlist_content '  itemprop=\"text\" ><p>\u00c9tablissement de l\u2019exact profil du collaborateur recherch\u00e9 avec un processus de s\u00e9lection d\u00e9fini par le mandant. A la conclusion du contrat entre les deux parties, 2 solutions sont envisageables.<\/p>\n<ol>\n<li>engagement fixe d\u00e8s le premier jour avec facturation d\u2019une commission.<\/li>\n<li>engagement Try and Hire, soit 3 mois d\u2019essai via un contrat Rh\u00f4nemploi et fixe \u00e0 l\u2019\u00e9ch\u00e9ance<\/li>\n<\/ol>\n<\/div><\/div><footer class=\"entry-footer\"><\/footer><\/article><div class=\"iconlist-timeline\"><\/div><\/li>\n<li><div class='iconlist_icon av-55ko1o-adcfc2f0cfc6322425571df7a5366abf avia-font-entypo-fontello'><span class='iconlist-char' aria-hidden='true' data-av_icon='\ue891' data-av_iconfont='entypo-fontello'><\/span><\/div><article class=\"article-icon-entry \"  itemscope=\"itemscope\" itemtype=\"https:\/\/schema.org\/CreativeWork\" ><div class=\"iconlist_content_wrap\"><header class=\"entry-content-header\"><h4 class='av_iconlist_title iconlist_title  '  itemprop=\"headline\" >Placement de Personnel Temporaire<\/h4><\/header><div class='iconlist_content '  itemprop=\"text\" ><p>Dans un d\u00e9lai r\u00e9actionnel bref, mise \u00e0 disposition de personnel selon le profil requis pour une dur\u00e9e d\u00e9termin\u00e9e ou ind\u00e9termin\u00e9e.<br \/>\nLa gestion compl\u00e8te du personnel sous contrat avec Rh\u00f4nemploi d\u00e9charge l\u2019entreprise cliente de toutes les t\u00e2ches administratives. De plus, l\u2019application stricte de la L.S.E offre une souplesse consid\u00e9rable.<\/p>\n<\/div><\/div><footer class=\"entry-footer\"><\/footer><\/article><div class=\"iconlist-timeline\"><\/div><\/li>\n<li><div class='iconlist_icon av-4c1kfw-b36017ff075d5c208709fd96550f1c27 avia-font-entypo-fontello'><span class='iconlist-char' aria-hidden='true' data-av_icon='\ue8bb' data-av_iconfont='entypo-fontello'><\/span><\/div><article class=\"article-icon-entry \"  itemscope=\"itemscope\" itemtype=\"https:\/\/schema.org\/CreativeWork\" ><div class=\"iconlist_content_wrap\"><header class=\"entry-content-header\"><h4 class='av_iconlist_title iconlist_title  '  itemprop=\"headline\" >Payroling<\/h4><\/header><div class='iconlist_content '  itemprop=\"text\" ><p>L\u2019employeur fournit directement du personnel temporaire \u00e0 Rh\u00f4nemploi qui le met sous contrat interne et en assume la gestion. Dans ce cas de figure, un coefficient de facturation pr\u00e9f\u00e9rentiel est appliqu\u00e9.<\/p>\n<\/div><\/div><footer class=\"entry-footer\"><\/footer><\/article><div class=\"iconlist-timeline\"><\/div><\/li>\n<li><div class='iconlist_icon av-2kom8s-f554454a80c7a29de95d3bb37e3fe21e avia-font-entypo-fontello'><span class='iconlist-char' aria-hidden='true' data-av_icon='\ue8d9' data-av_iconfont='entypo-fontello'><\/span><\/div><article class=\"article-icon-entry \"  itemscope=\"itemscope\" itemtype=\"https:\/\/schema.org\/CreativeWork\" ><div class=\"iconlist_content_wrap\"><header class=\"entry-content-header\"><h4 class='av_iconlist_title iconlist_title  '  itemprop=\"headline\" >Outsourcing<\/h4><\/header><div class='iconlist_content '  itemprop=\"text\" ><p>Transmettre \u00e0 Rh\u00f4nemploi la gestion administrative des RH (salaires, charges sociales etc&#8230;) afin de pouvoir se focaliser sur l\u2019essence m\u00eame de l\u2019activit\u00e9 principale de l\u2019entreprise .<\/p>\n<\/div><\/div><footer class=\"entry-footer\"><\/footer><\/article><div class=\"iconlist-timeline\"><\/div><\/li>\n<\/ul><\/div>\n","protected":false},"excerpt":{"rendered":"","protected":false},"author":1,"featured_media":0,"parent":0,"menu_order":0,"comment_status":"closed","ping_status":"closed","template":"","meta":{"footnotes":""},"class_list":["post-3244","page","type-page","status-publish","hentry"],"_links":{"self":[{"href":"https:\/\/rhonemploi.ch\/index.php\/wp-json\/wp\/v2\/pages\/3244","targetHints":{"allow":["GET"]}}],"collection":[{"href":"https:\/\/rhonemploi.ch\/index.php\/wp-json\/wp\/v2\/pages"}],"about":[{"href":"https:\/\/rhonemploi.ch\/index.php\/wp-json\/wp\/v2\/types\/page"}],"author":[{"embeddable":true,"href":"https:\/\/rhonemploi.ch\/index.php\/wp-json\/wp\/v2\/users\/1"}],"replies":[{"embeddable":true,"href":"https:\/\/rhonemploi.ch\/index.php\/wp-json\/wp\/v2\/comments?post=3244"}],"version-history":[{"count":10,"href":"https:\/\/rhonemploi.ch\/index.php\/wp-json\/wp\/v2\/pages\/3244\/revisions"}],"predecessor-version":[{"id":3748,"href":"https:\/\/rhonemploi.ch\/index.php\/wp-json\/wp\/v2\/pages\/3244\/revisions\/3748"}],"wp:attachment":[{"href":"https:\/\/rhonemploi.ch\/index.php\/wp-json\/wp\/v2\/media?parent=3244"}],"curies":[{"name":"wp","href":"https:\/\/api.w.org\/{rel}","templated":true}]}}