{"id":206,"date":"2017-01-01T14:50:10","date_gmt":"2017-01-01T14:50:10","guid":{"rendered":"http:\/\/test.kriesi.at\/minimal-portfolio\/?page_id=9"},"modified":"2020-06-25T13:21:41","modified_gmt":"2020-06-25T13:21:41","slug":"home","status":"publish","type":"page","link":"https:\/\/rhonemploi.ch\/","title":{"rendered":"Home"},"content":{"rendered":"<div id='layer_slider_1'  class='avia-layerslider main_color avia-shadow  avia-builder-el-0  el_before_av_layout_row  avia-builder-el-first  container_wrap sidebar_right'  style='height: 851px; max-width: 1410px; margin: 0 auto;'  ><\/div>\n<div id='3-col-intro'  class='av-layout-grid-container av-xhpl8m-8e2f1b7758b391030bb6ceb6ae33f657 entry-content-wrapper main_color av-flex-cells  avia-builder-el-1  el_after_av_layerslider  el_before_av_section  grid-row-not-first  container_wrap sidebar_right'  >\n\n<style type=\"text\/css\" data-created_by=\"avia_inline_auto\" id=\"style-css-av-xagrku-eb9ee701c6c0150b88e1c587f4cbd289\">\n.flex_cell.av-xagrku-eb9ee701c6c0150b88e1c587f4cbd289{\nvertical-align:top;\n}\n.responsive #top #wrap_all .flex_cell.av-xagrku-eb9ee701c6c0150b88e1c587f4cbd289{\npadding:70px 50px 70px 50px !important;\n}\n<\/style>\n<div class='flex_cell av-xagrku-eb9ee701c6c0150b88e1c587f4cbd289 av-gridrow-cell av_one_third no_margin  avia-builder-el-2  el_before_av_cell_one_third  avia-builder-el-first '  ><div class='flex_cell_inner'>\n<style type=\"text\/css\" data-created_by=\"avia_inline_auto\" id=\"style-css-av-3b9d46-6b55bc911ff1f8616a118d9fa7ba00b8\">\n.iconbox.av-3b9d46-6b55bc911ff1f8616a118d9fa7ba00b8 .iconbox_icon{\ncolor:#0495df;\n}\n<\/style>\n<article  class='iconbox iconbox_left_content av-3b9d46-6b55bc911ff1f8616a118d9fa7ba00b8 av-icon-style-no-border  avia-builder-el-3  avia-builder-el-no-sibling '  itemscope=\"itemscope\" itemtype=\"https:\/\/schema.org\/CreativeWork\" ><div class=\"iconbox_icon heading-color\" aria-hidden='true' data-av_icon='\ue8d1' data-av_iconfont='entypo-fontello'><\/div><div class=\"iconbox_content\"><header class=\"entry-content-header\"><h3 class='iconbox_content_title '  itemprop=\"headline\" >Notre Soci\u00e9t\u00e9<\/h3><\/header><div class='iconbox_content_container '  itemprop=\"text\" ><p><strong>Rh\u00f4nemploi S\u00e0rl<\/strong> est une soci\u00e9t\u00e9 de placement de personnel fixe et temporaire active sur le Valais et la Riviera depuis le 1er d\u00e9cembre 2009.<\/p>\n<\/div><\/div><footer class=\"entry-footer\"><\/footer><\/article>\n<\/div><\/div>\n<style type=\"text\/css\" data-created_by=\"avia_inline_auto\" id=\"style-css-av-wzfqda-0e6b98453aa4836506976653d1903526\">\n.flex_cell.av-wzfqda-0e6b98453aa4836506976653d1903526{\nvertical-align:top;\n}\n.responsive #top #wrap_all .flex_cell.av-wzfqda-0e6b98453aa4836506976653d1903526{\npadding:70px 50px 70px 50px !important;\n}\n<\/style>\n<div class='flex_cell av-wzfqda-0e6b98453aa4836506976653d1903526 av-gridrow-cell av_one_third no_margin  avia-builder-el-4  el_after_av_cell_one_third  el_before_av_cell_one_third '  ><div class='flex_cell_inner'>\n<style type=\"text\/css\" data-created_by=\"avia_inline_auto\" id=\"style-css-av-wv573i-ffc19862bdec30e47c4650eb84bc8c11\">\n.iconbox.av-wv573i-ffc19862bdec30e47c4650eb84bc8c11 .iconbox_icon{\ncolor:#0495df;\n}\n<\/style>\n<article  class='iconbox iconbox_left_content av-wv573i-ffc19862bdec30e47c4650eb84bc8c11 av-icon-style-no-border  avia-builder-el-5  avia-builder-el-no-sibling '  itemscope=\"itemscope\" itemtype=\"https:\/\/schema.org\/CreativeWork\" ><div class=\"iconbox_icon heading-color\" aria-hidden='true' data-av_icon='\ue856' data-av_iconfont='entypo-fontello'><\/div><div class=\"iconbox_content\"><header class=\"entry-content-header\"><h3 class='iconbox_content_title '  itemprop=\"headline\" >Domaine<\/h3><\/header><div class='iconbox_content_container '  itemprop=\"text\" ><p>Principalement occup\u00e9e dans les domaines du b\u00e2timent et de l&rsquo;industrie, <strong>Rh\u00f4nemploi S\u00e0rl<\/strong> reste ouverte \u00e0 toute offre et demande du secteur primaire au tertiaire.<\/p>\n<\/div><\/div><footer class=\"entry-footer\"><\/footer><\/article>\n<\/div><\/div>\n<style type=\"text\/css\" data-created_by=\"avia_inline_auto\" id=\"style-css-av-wnka92-e8089dd0e289c5b0c1a1923be36cfd8f\">\n.flex_cell.av-wnka92-e8089dd0e289c5b0c1a1923be36cfd8f{\nvertical-align:top;\n}\n.responsive #top #wrap_all .flex_cell.av-wnka92-e8089dd0e289c5b0c1a1923be36cfd8f{\npadding:70px 50px 70px 50px !important;\n}\n<\/style>\n<div class='flex_cell av-wnka92-e8089dd0e289c5b0c1a1923be36cfd8f av-gridrow-cell av_one_third no_margin  avia-builder-el-6  el_after_av_cell_one_third  avia-builder-el-last '  ><div class='flex_cell_inner'>\n<style type=\"text\/css\" data-created_by=\"avia_inline_auto\" id=\"style-css-av-wha0f2-233345de7403266cba077c74661c42d3\">\n.iconbox.av-wha0f2-233345de7403266cba077c74661c42d3 .iconbox_icon{\ncolor:#0495df;\n}\n<\/style>\n<article  class='iconbox iconbox_left_content av-wha0f2-233345de7403266cba077c74661c42d3 av-icon-style-no-border  avia-builder-el-7  avia-builder-el-no-sibling '  itemscope=\"itemscope\" itemtype=\"https:\/\/schema.org\/CreativeWork\" ><div class=\"iconbox_icon heading-color\" aria-hidden='true' data-av_icon='\ue842' data-av_iconfont='entypo-fontello'><\/div><div class=\"iconbox_content\"><header class=\"entry-content-header\"><h3 class='iconbox_content_title '  itemprop=\"headline\" >Pr\u00e9sence<\/h3><\/header><div class='iconbox_content_container '  itemprop=\"text\" ><p>Entreprise de proximit\u00e9, Rh\u00f4nemploi S\u00e0rl se fera un plaisir de r\u00e9pondre \u00e0 toutes vos attentes avec souplesse et rapidit\u00e9.<\/p>\n<\/div><\/div><footer class=\"entry-footer\"><\/footer><\/article>\n<\/div><\/div><\/div>\n<style type=\"text\/css\" data-created_by=\"avia_inline_auto\" id=\"style-css-av-r8xdsm-b90677d006192911f0b44939026e5c1d\">\n.avia-section.av-r8xdsm-b90677d006192911f0b44939026e5c1d{\nbackground-color:#35383c;\nbackground-image:unset;\n}\n.avia-section.av-r8xdsm-b90677d006192911f0b44939026e5c1d .av-extra-border-element .av-extra-border-inner{\nbackground-color:#35383c;\n}\n<\/style>\n<div id='feature-list'  class='avia-section av-r8xdsm-b90677d006192911f0b44939026e5c1d main_color avia-section-huge avia-no-border-styling  avia-builder-el-8  el_after_av_layout_row  avia-builder-el-last  avia-bg-style-scroll av-arrow-down-section container_wrap sidebar_right'  ><div class='container av-section-cont-open' ><div class='template-page content  av-content-small alpha units'><div class='post-entry post-entry-type-page post-entry-206'><div class='entry-content-wrapper clearfix'>\n\n<style type=\"text\/css\" data-created_by=\"avia_inline_auto\" id=\"style-css-av-b9v9q-e3190c5212f3901ddbc677bcbd0bfcf0\">\n#top .av-special-heading.av-b9v9q-e3190c5212f3901ddbc677bcbd0bfcf0{\npadding-bottom:0;\ncolor:#ffffff;\nfont-size:40px;\n}\nbody .av-special-heading.av-b9v9q-e3190c5212f3901ddbc677bcbd0bfcf0 .av-special-heading-tag .heading-char{\nfont-size:25px;\n}\n#top #wrap_all .av-special-heading.av-b9v9q-e3190c5212f3901ddbc677bcbd0bfcf0 .av-special-heading-tag{\nfont-size:40px;\n}\n.av-special-heading.av-b9v9q-e3190c5212f3901ddbc677bcbd0bfcf0 .special-heading-inner-border{\nborder-color:#ffffff;\n}\n.av-special-heading.av-b9v9q-e3190c5212f3901ddbc677bcbd0bfcf0 .av-subheading{\nfont-size:15px;\n}\n\n@media only screen and (min-width: 480px) and (max-width: 767px){ \n#top #wrap_all .av-special-heading.av-b9v9q-e3190c5212f3901ddbc677bcbd0bfcf0 .av-special-heading-tag{\nfont-size:0.8em;\n}\n}\n\n@media only screen and (max-width: 479px){ \n#top #wrap_all .av-special-heading.av-b9v9q-e3190c5212f3901ddbc677bcbd0bfcf0 .av-special-heading-tag{\nfont-size:0.8em;\n}\n}\n<\/style>\n<div  class='av-special-heading av-b9v9q-e3190c5212f3901ddbc677bcbd0bfcf0 av-special-heading-h1 custom-color-heading blockquote modern-quote modern-centered  avia-builder-el-9  el_before_av_hr  avia-builder-el-first  av-inherit-size'><h1 class='av-special-heading-tag'  itemprop=\"headline\"  >Que vous soyez en qu\u00eate d\u2019un nouveau d\u00e9fi professionnel ou \u00e0 la recherche de personnel, N\u2019h\u00e9sitez plus, contactez-nous !<\/h1><div class=\"special-heading-border\"><div class=\"special-heading-inner-border\"><\/div><\/div><\/div>\n\n<style type=\"text\/css\" data-created_by=\"avia_inline_auto\" id=\"style-css-av-qwtxva-d1b716e84d67caafe37044918e386581\">\n#top .hr.av-qwtxva-d1b716e84d67caafe37044918e386581{\nmargin-top:45px;\nmargin-bottom:5px;\n}\n.hr.av-qwtxva-d1b716e84d67caafe37044918e386581 .hr-inner{\nwidth:50px;\nborder-color:#0495df;\n}\n<\/style>\n<div  class='hr av-qwtxva-d1b716e84d67caafe37044918e386581 hr-custom  avia-builder-el-10  el_after_av_heading  avia-builder-el-last  hr-center hr-icon-no'><span class='hr-inner inner-border-av-border-fat'><span class=\"hr-inner-style\"><\/span><\/span><\/div>\n<\/div><\/div><\/div><!-- close content main div --><\/div><div class='av-extra-border-element border-extra-arrow-down'><div class='av-extra-border-outer'><div class='av-extra-border-inner'><\/div><\/div><\/div><\/div><div id='after_section_1'  class='main_color av_default_container_wrap container_wrap sidebar_right'  ><div class='container av-section-cont-open' ><div class='template-page content  av-content-small alpha units'><div class='post-entry post-entry-type-page post-entry-206'><div class='entry-content-wrapper clearfix'><\/p>\n","protected":false},"excerpt":{"rendered":"","protected":false},"author":1,"featured_media":0,"parent":0,"menu_order":0,"comment_status":"open","ping_status":"closed","template":"","meta":{"footnotes":""},"class_list":["post-206","page","type-page","status-publish","hentry"],"_links":{"self":[{"href":"https:\/\/rhonemploi.ch\/index.php\/wp-json\/wp\/v2\/pages\/206","targetHints":{"allow":["GET"]}}],"collection":[{"href":"https:\/\/rhonemploi.ch\/index.php\/wp-json\/wp\/v2\/pages"}],"about":[{"href":"https:\/\/rhonemploi.ch\/index.php\/wp-json\/wp\/v2\/types\/page"}],"author":[{"embeddable":true,"href":"https:\/\/rhonemploi.ch\/index.php\/wp-json\/wp\/v2\/users\/1"}],"replies":[{"embeddable":true,"href":"https:\/\/rhonemploi.ch\/index.php\/wp-json\/wp\/v2\/comments?post=206"}],"version-history":[{"count":14,"href":"https:\/\/rhonemploi.ch\/index.php\/wp-json\/wp\/v2\/pages\/206\/revisions"}],"predecessor-version":[{"id":3636,"href":"https:\/\/rhonemploi.ch\/index.php\/wp-json\/wp\/v2\/pages\/206\/revisions\/3636"}],"wp:attachment":[{"href":"https:\/\/rhonemploi.ch\/index.php\/wp-json\/wp\/v2\/media?parent=206"}],"curies":[{"name":"wp","href":"https:\/\/api.w.org\/{rel}","templated":true}]}}